{"id":36,"date":"2022-08-30T10:55:31","date_gmt":"2022-08-30T10:55:31","guid":{"rendered":"https:\/\/thorembais-planetsun.be\/?page_id=36"},"modified":"2024-08-29T07:18:07","modified_gmt":"2024-08-29T07:18:07","slug":"accueil","status":"publish","type":"page","link":"https:\/\/thorembais-planetsun.be\/","title":{"rendered":"Accueil"},"content":{"rendered":"<p>[et_pb_section fb_built=\u00a0\u00bb1&Prime; _builder_version=\u00a0\u00bb4.18.0&Prime; _module_preset=\u00a0\u00bbdefault\u00a0\u00bb use_background_color_gradient=\u00a0\u00bbon\u00a0\u00bb background_color_gradient_direction=\u00a0\u00bb143deg\u00a0\u00bb background_color_gradient_stops=\u00a0\u00bb#000000 0%|rgba(255,255,255,0) 100%\u00a0\u00bb background_image=\u00a0\u00bbhttps:\/\/thorembais-planetsun.be\/wp-content\/uploads\/2022\/08\/IMAGE2.jpg\u00a0\u00bb custom_padding=\u00a0\u00bb|6px|4px|0px||\u00a0\u00bb global_colors_info=\u00a0\u00bb{}\u00a0\u00bb][et_pb_row column_structure=\u00a0\u00bb1_2,1_2&Prime; _builder_version=\u00a0\u00bb4.18.0&Prime; _module_preset=\u00a0\u00bbdefault\u00a0\u00bb custom_margin=\u00a0\u00bb-19px|auto||auto||\u00a0\u00bb custom_padding=\u00a0\u00bb0px||0px|||\u00a0\u00bb global_colors_info=\u00a0\u00bb{}\u00a0\u00bb][et_pb_column type=\u00a0\u00bb1_2&Prime; _builder_version=\u00a0\u00bb4.18.0&Prime; _module_preset=\u00a0\u00bbdefault\u00a0\u00bb global_colors_info=\u00a0\u00bb{}\u00a0\u00bb][et_pb_image src=\u00a0\u00bbhttps:\/\/thorembais-planetsun.be\/wp-content\/uploads\/2022\/08\/planet_sun_logoBLEU-web.png\u00a0\u00bb title_text=\u00a0\u00bbplanet_sun_logoBLEU-web\u00a0\u00bb _builder_version=\u00a0\u00bb4.18.0&Prime; _module_preset=\u00a0\u00bbdefault\u00a0\u00bb global_colors_info=\u00a0\u00bb{}\u00a0\u00bb][\/et_pb_image][et_pb_text _builder_version=\u00a0\u00bb4.18.0&Prime; _module_preset=\u00a0\u00bbdefault\u00a0\u00bb header_text_align=\u00a0\u00bbcenter\u00a0\u00bb header_text_color=\u00a0\u00bb#FFFFFF\u00a0\u00bb header_font_size=\u00a0\u00bb27px\u00a0\u00bb header_2_text_color=\u00a0\u00bb#FFFFFF\u00a0\u00bb global_colors_info=\u00a0\u00bb{}\u00a0\u00bb]<\/p>\n<h1>Votre salon\u00a0 d&rsquo;esth\u00e9tique<\/h1>\n<p>[\/et_pb_text][et_pb_button button_url=\u00a0\u00bbhttps:\/\/salonkee.be\/salon\/planet-sun?lang=fr\u00a0\u00bb url_new_window=\u00a0\u00bbon\u00a0\u00bb button_text=\u00a0\u00bbRendez-vous\u00a0\u00bb button_alignment=\u00a0\u00bbcenter\u00a0\u00bb _builder_version=\u00a0\u00bb4.18.0&Prime; _module_preset=\u00a0\u00bbdefault\u00a0\u00bb custom_button=\u00a0\u00bbon\u00a0\u00bb button_text_color=\u00a0\u00bb#FFFFFF\u00a0\u00bb button_bg_color=\u00a0\u00bb#0ddddd\u00a0\u00bb button_border_color=\u00a0\u00bb#0ddddd\u00a0\u00bb button_border_radius=\u00a0\u00bb35px\u00a0\u00bb global_colors_info=\u00a0\u00bb{}\u00a0\u00bb][\/et_pb_button][\/et_pb_column][et_pb_column type=\u00a0\u00bb1_2&Prime; _builder_version=\u00a0\u00bb4.18.0&Prime; _module_preset=\u00a0\u00bbdefault\u00a0\u00bb global_colors_info=\u00a0\u00bb{}\u00a0\u00bb][\/et_pb_column][\/et_pb_row][et_pb_row _builder_version=\u00a0\u00bb4.18.0&Prime; _module_preset=\u00a0\u00bbdefault\u00a0\u00bb custom_padding=\u00a0\u00bb22px|||||\u00a0\u00bb global_colors_info=\u00a0\u00bb{}\u00a0\u00bb][et_pb_column type=\u00a0\u00bb4_4&Prime; _builder_version=\u00a0\u00bb4.18.0&Prime; _module_preset=\u00a0\u00bbdefault\u00a0\u00bb global_colors_info=\u00a0\u00bb{}\u00a0\u00bb][et_pb_menu menu_id=\u00a0\u00bbnone\u00a0\u00bb menu_style=\u00a0\u00bbcentered\u00a0\u00bb submenu_direction=\u00a0\u00bbupwards\u00a0\u00bb active_link_color=\u00a0\u00bb#0ddddd\u00a0\u00bb dropdown_menu_bg_color=\u00a0\u00bb#000000&Prime; dropdown_menu_line_color=\u00a0\u00bb#0ddddd\u00a0\u00bb dropdown_menu_text_color=\u00a0\u00bb#FFFFFF\u00a0\u00bb dropdown_menu_active_link_color=\u00a0\u00bb#0ddddd\u00a0\u00bb mobile_menu_bg_color=\u00a0\u00bb#000000&Prime; mobile_menu_text_color=\u00a0\u00bb#FFFFFF\u00a0\u00bb _builder_version=\u00a0\u00bb4.18.0&Prime; _module_preset=\u00a0\u00bbdefault\u00a0\u00bb menu_text_color=\u00a0\u00bb#FFFFFF\u00a0\u00bb menu_font_size=\u00a0\u00bb18px\u00a0\u00bb background_enable_color=\u00a0\u00bboff\u00a0\u00bb global_colors_info=\u00a0\u00bb{}\u00a0\u00bb][\/et_pb_menu][\/et_pb_column][\/et_pb_row][\/et_pb_section][et_pb_section fb_built=\u00a0\u00bb1&Prime; _builder_version=\u00a0\u00bb4.18.0&Prime; _module_preset=\u00a0\u00bbdefault\u00a0\u00bb global_colors_info=\u00a0\u00bb{}\u00a0\u00bb][et_pb_row column_structure=\u00a0\u00bb1_3,1_3,1_3&Prime; _builder_version=\u00a0\u00bb4.18.0&Prime; _module_preset=\u00a0\u00bbdefault\u00a0\u00bb global_colors_info=\u00a0\u00bb{}\u00a0\u00bb][et_pb_column type=\u00a0\u00bb1_3&Prime; _builder_version=\u00a0\u00bb4.18.0&Prime; _module_preset=\u00a0\u00bbdefault\u00a0\u00bb global_colors_info=\u00a0\u00bb{}\u00a0\u00bb][et_pb_image src=\u00a0\u00bbhttps:\/\/thorembais-planetsun.be\/wp-content\/uploads\/2023\/12\/devanture-carre.jpg\u00a0\u00bb title_text=\u00a0\u00bbdevanture-carre\u00a0\u00bb _builder_version=\u00a0\u00bb4.18.0&Prime; _module_preset=\u00a0\u00bbdefault\u00a0\u00bb border_width_all=\u00a0\u00bb5px\u00a0\u00bb border_color_all=\u00a0\u00bb#000000&Prime; box_shadow_style=\u00a0\u00bbpreset3&Prime; global_colors_info=\u00a0\u00bb{}\u00a0\u00bb][\/et_pb_image][\/et_pb_column][et_pb_column type=\u00a0\u00bb1_3&Prime; _builder_version=\u00a0\u00bb4.18.0&Prime; _module_preset=\u00a0\u00bbdefault\u00a0\u00bb global_colors_info=\u00a0\u00bb{}\u00a0\u00bb][et_pb_image src=\u00a0\u00bbhttps:\/\/thorembais-planetsun.be\/wp-content\/uploads\/2022\/08\/cabine-carre.jpg\u00a0\u00bb title_text=\u00a0\u00bbcabine-carre\u00a0\u00bb _builder_version=\u00a0\u00bb4.18.0&Prime; _module_preset=\u00a0\u00bbdefault\u00a0\u00bb border_width_all=\u00a0\u00bb5px\u00a0\u00bb border_color_all=\u00a0\u00bb#000000&Prime; box_shadow_style=\u00a0\u00bbpreset3&Prime; global_colors_info=\u00a0\u00bb{}\u00a0\u00bb][\/et_pb_image][\/et_pb_column][et_pb_column type=\u00a0\u00bb1_3&Prime; _builder_version=\u00a0\u00bb4.18.0&Prime; _module_preset=\u00a0\u00bbdefault\u00a0\u00bb global_colors_info=\u00a0\u00bb{}\u00a0\u00bb][et_pb_image src=\u00a0\u00bbhttps:\/\/thorembais-planetsun.be\/wp-content\/uploads\/2022\/08\/onglerie.jpg\u00a0\u00bb title_text=\u00a0\u00bbonglerie\u00a0\u00bb _builder_version=\u00a0\u00bb4.18.0&Prime; _module_preset=\u00a0\u00bbdefault\u00a0\u00bb border_width_all=\u00a0\u00bb5px\u00a0\u00bb border_color_all=\u00a0\u00bb#000000&Prime; box_shadow_style=\u00a0\u00bbpreset3&Prime; global_colors_info=\u00a0\u00bb{}\u00a0\u00bb][\/et_pb_image][\/et_pb_column][\/et_pb_row][et_pb_row _builder_version=\u00a0\u00bb4.18.0&Prime; _module_preset=\u00a0\u00bbdefault\u00a0\u00bb global_colors_info=\u00a0\u00bb{}\u00a0\u00bb][et_pb_column type=\u00a0\u00bb4_4&Prime; _builder_version=\u00a0\u00bb4.18.0&Prime; _module_preset=\u00a0\u00bbdefault\u00a0\u00bb global_colors_info=\u00a0\u00bb{}\u00a0\u00bb][et_pb_text _builder_version=\u00a0\u00bb4.18.0&Prime; _module_preset=\u00a0\u00bbdefault\u00a0\u00bb global_colors_info=\u00a0\u00bb{}\u00a0\u00bb]<\/p>\n<h1><span style=\"font-weight: 400;\">Votre cr\u00e9ateur de bien-\u00eatre<\/span><\/h1>\n<p><span style=\"font-weight: 400;\"><\/span><\/p>\n<p><span style=\"font-weight: 400;\">Situ\u00e9 en plein c\u0153ur de Thorembais-Saint-Trond, le centre de coiffure et Bien-\u00eatre PlanetSun est un \u00e9crin de tranquillit\u00e9 et de design enti\u00e8rement vou\u00e9 \u00e0 votre <strong>bien-\u00eatre<\/strong> et votre<strong> beaut\u00e9<\/strong>.<\/span><\/p>\n<p><span style=\"font-weight: 400;\">Nous vous proposons un vaste panel de services et de soins pour sublimer votre image, prendre soin de vous et vous ressourcer.<\/span><\/p>\n<p><span style=\"font-weight: 400;\">Notre espace \u00abBien-\u00eatre\u00bb vous accueille et vous propose une gamme tr\u00e8s \u00e9tendue de <strong>soins esth\u00e9tiques, massages,\u00a0 soins visages, enveloppements, gommage, &#8230;<\/strong> Des moments de pure relaxation et de d\u00e9tente vous y attendent.<\/span><\/p>\n<p><span style=\"font-weight: 400;\">Nous sommes \u00e9galement pr\u00e9sents, afin de r\u00e9pondre au mieux \u00e0 toutes les demandes dans les domaines de<strong> l\u2019\u00e9pilation laser, le maquillage permanent ou encore&#8230; la manucure, la pose d&rsquo;ongles<\/strong>.\u00bb Un concept unique, des pieds \u00e0 la t\u00eate!<\/span><\/p>\n<p><span style=\"font-weight: 400;\">Nous vous invitons donc \u00e0 plonger dans l\u2019univers de <strong>PlanetSun<\/strong>, plus que jamais cr\u00e9ateur de votre bien-\u00eatre et au service de votre look !<\/span><\/p>\n<p>[\/et_pb_text][\/et_pb_column][\/et_pb_row][\/et_pb_section][et_pb_section fb_built=\u00a0\u00bb1&Prime; _builder_version=\u00a0\u00bb4.18.0&Prime; _module_preset=\u00a0\u00bbdefault\u00a0\u00bb background_color=\u00a0\u00bb#000000&Prime; global_colors_info=\u00a0\u00bb{}\u00a0\u00bb][et_pb_row column_structure=\u00a0\u00bb1_3,1_3,1_3&Prime; _builder_version=\u00a0\u00bb4.18.0&Prime; _module_preset=\u00a0\u00bbdefault\u00a0\u00bb global_colors_info=\u00a0\u00bb{}\u00a0\u00bb][et_pb_column type=\u00a0\u00bb1_3&Prime; _builder_version=\u00a0\u00bb4.18.0&Prime; _module_preset=\u00a0\u00bbdefault\u00a0\u00bb global_colors_info=\u00a0\u00bb{}\u00a0\u00bb][et_pb_image src=\u00a0\u00bbhttps:\/\/thorembais-planetsun.be\/wp-content\/uploads\/2024\/08\/piercings-copie.jpg\u00a0\u00bb title_text=\u00a0\u00bbpiercings copie\u00a0\u00bb _builder_version=\u00a0\u00bb4.18.0&Prime; _module_preset=\u00a0\u00bbdefault\u00a0\u00bb global_colors_info=\u00a0\u00bb{}\u00a0\u00bb][\/et_pb_image][et_pb_text _builder_version=\u00a0\u00bb4.18.0&Prime; _module_preset=\u00a0\u00bbdefault\u00a0\u00bb text_font=\u00a0\u00bb|300|||||||\u00a0\u00bb text_text_color=\u00a0\u00bb#FFFFFF\u00a0\u00bb global_colors_info=\u00a0\u00bb{}\u00a0\u00bb]<\/p>\n<p><span style=\"font-weight: 400;\">Nous sommes tr\u00e8s heureux de vous proposez les piercings !<\/span><\/p>\n<p><span style=\"font-weight: 400;\">N&rsquo;h\u00e9sitez pas \u00e0 prendre rendez-vous.<\/span><\/p>\n<p>[\/et_pb_text][\/et_pb_column][et_pb_column type=\u00a0\u00bb1_3&Prime; _builder_version=\u00a0\u00bb4.18.0&Prime; _module_preset=\u00a0\u00bbdefault\u00a0\u00bb global_colors_info=\u00a0\u00bb{}\u00a0\u00bb][et_pb_image src=\u00a0\u00bbhttps:\/\/thorembais-planetsun.be\/wp-content\/uploads\/2022\/08\/cryo.jpg\u00a0\u00bb title_text=\u00a0\u00bbcryo\u00a0\u00bb _builder_version=\u00a0\u00bb4.18.0&Prime; _module_preset=\u00a0\u00bbdefault\u00a0\u00bb global_colors_info=\u00a0\u00bb{}\u00a0\u00bb][\/et_pb_image][et_pb_text _builder_version=\u00a0\u00bb4.18.0&Prime; _module_preset=\u00a0\u00bbdefault\u00a0\u00bb text_text_color=\u00a0\u00bb#FFFFFF\u00a0\u00bb global_colors_info=\u00a0\u00bb{}\u00a0\u00bb]<\/p>\n<p><span style=\"font-weight: 400;\">Nous vous invitons \u00e9galement \u00e0 venir d\u00e9couvrir la CRYO 21, une nouvelle approche des soins amincissants par le froid. En refroidissant le corps, la cryoth\u00e9rapie acc\u00e9l\u00e8re la circulation sanguine, \u00e9limine la cellulite, amincit le corps et raffermit les tissus.<\/span><\/p>\n<p>[\/et_pb_text][\/et_pb_column][et_pb_column type=\u00a0\u00bb1_3&Prime; _builder_version=\u00a0\u00bb4.18.0&Prime; _module_preset=\u00a0\u00bbdefault\u00a0\u00bb global_colors_info=\u00a0\u00bb{}\u00a0\u00bb][et_pb_image src=\u00a0\u00bbhttps:\/\/thorembais-planetsun.be\/wp-content\/uploads\/2022\/08\/epilationlaser.jpg\u00a0\u00bb title_text=\u00a0\u00bbepilationlaser\u00a0\u00bb _builder_version=\u00a0\u00bb4.18.0&Prime; _module_preset=\u00a0\u00bbdefault\u00a0\u00bb global_colors_info=\u00a0\u00bb{}\u00a0\u00bb][\/et_pb_image][et_pb_text _builder_version=\u00a0\u00bb4.18.0&Prime; _module_preset=\u00a0\u00bbdefault\u00a0\u00bb text_text_color=\u00a0\u00bb#FFFFFF\u00a0\u00bb global_colors_info=\u00a0\u00bb{}\u00a0\u00bb]<\/p>\n<p><span style=\"font-weight: 400;\">Aujourd\u2019hui, la pilosit\u00e9 n\u2019est plus un signe de virilit\u00e9 chez les hommes mais un signe de \u00ab\u00a0laisser-aller\u00a0\u00bb. Concernant les femmes, c\u2019est une lutte \u00e9ternelle. Gr\u00e2ce aux avanc\u00e9es de la technologie, l\u2019\u00e9pilation a fortement \u00e9volu\u00e9: Gr\u00e2ce au pouvoir du Laser on peut \u00e9radiquer les poils progressivement.<\/span><\/p>\n<p>[\/et_pb_text][\/et_pb_column][\/et_pb_row][\/et_pb_section][et_pb_section fb_built=\u00a0\u00bb1&Prime; _builder_version=\u00a0\u00bb4.18.0&Prime; _module_preset=\u00a0\u00bbdefault\u00a0\u00bb use_background_color_gradient=\u00a0\u00bbon\u00a0\u00bb background_color_gradient_direction=\u00a0\u00bb178deg\u00a0\u00bb background_color_gradient_stops=\u00a0\u00bb#ffffff 11%|rgba(255,255,255,0) 100%\u00a0\u00bb background_color_gradient_overlays_image=\u00a0\u00bbon\u00a0\u00bb background_image=\u00a0\u00bbhttps:\/\/thorembais-planetsun.be\/wp-content\/uploads\/2022\/09\/bois.jpg\u00a0\u00bb background_size=\u00a0\u00bbcustom\u00a0\u00bb background_image_width=\u00a0\u00bb48%\u00a0\u00bb background_repeat=\u00a0\u00bbrepeat-x\u00a0\u00bb custom_padding=\u00a0\u00bb0px|||||\u00a0\u00bb background_last_edited=\u00a0\u00bbon|phone\u00a0\u00bb background_enable_image_phone=\u00a0\u00bboff\u00a0\u00bb background_repeat_phone=\u00a0\u00bbno-repeat\u00a0\u00bb global_colors_info=\u00a0\u00bb{}\u00a0\u00bb][et_pb_row column_structure=\u00a0\u00bb1_3,1_3,1_3&Prime; _builder_version=\u00a0\u00bb4.18.0&Prime; _module_preset=\u00a0\u00bbdefault\u00a0\u00bb global_colors_info=\u00a0\u00bb{}\u00a0\u00bb][et_pb_column type=\u00a0\u00bb1_3&Prime; _builder_version=\u00a0\u00bb4.18.0&Prime; _module_preset=\u00a0\u00bbdefault\u00a0\u00bb global_colors_info=\u00a0\u00bb{}\u00a0\u00bb][et_pb_text _builder_version=\u00a0\u00bb4.18.0&Prime; _module_preset=\u00a0\u00bbdefault\u00a0\u00bb text_font=\u00a0\u00bb|600|||||||\u00a0\u00bb text_orientation=\u00a0\u00bbcenter\u00a0\u00bb custom_padding=\u00a0\u00bb26px|||||\u00a0\u00bb hover_enabled=\u00a0\u00bb0&Prime; global_colors_info=\u00a0\u00bb{}\u00a0\u00bb sticky_enabled=\u00a0\u00bb0&Prime;]<\/p>\n<p>Planetsun Thorembais<\/p>\n<p>Rue de l&rsquo;int\u00e9rieur, 2<\/p>\n<p>1360 Thorembais-Saint-Trond<\/p>\n<p><strong>TEL : 081 34 59 84<\/strong><\/p>\n<p><strong>GSM : 0455 14 85 10<\/strong><\/p>\n<p>[\/et_pb_text][et_pb_social_media_follow _builder_version=\u00a0\u00bb4.18.0&Prime; _module_preset=\u00a0\u00bbdefault\u00a0\u00bb text_orientation=\u00a0\u00bbcenter\u00a0\u00bb global_colors_info=\u00a0\u00bb{}\u00a0\u00bb][et_pb_social_media_follow_network social_network=\u00a0\u00bbfacebook\u00a0\u00bb url=\u00a0\u00bbhttps:\/\/www.facebook.com\/planetsun.thorembais\/?ref=page_internal\u00a0\u00bb _builder_version=\u00a0\u00bb4.18.0&Prime; _module_preset=\u00a0\u00bbdefault\u00a0\u00bb background_color=\u00a0\u00bb#3b5998&Prime; global_colors_info=\u00a0\u00bb{}\u00a0\u00bb follow_button=\u00a0\u00bboff\u00a0\u00bb url_new_window=\u00a0\u00bbon\u00a0\u00bb]facebook[\/et_pb_social_media_follow_network][et_pb_social_media_follow_network social_network=\u00a0\u00bbinstagram\u00a0\u00bb url=\u00a0\u00bbhttps:\/\/www.instagram.com\/planetsun.24\/?hl=fr\u00a0\u00bb _builder_version=\u00a0\u00bb4.18.0&Prime; _module_preset=\u00a0\u00bbdefault\u00a0\u00bb background_color=\u00a0\u00bb#ea2c59&Prime; global_colors_info=\u00a0\u00bb{}\u00a0\u00bb follow_button=\u00a0\u00bboff\u00a0\u00bb url_new_window=\u00a0\u00bbon\u00a0\u00bb]instagram[\/et_pb_social_media_follow_network][\/et_pb_social_media_follow][\/et_pb_column][et_pb_column type=\u00a0\u00bb1_3&Prime; _builder_version=\u00a0\u00bb4.18.0&Prime; _module_preset=\u00a0\u00bbdefault\u00a0\u00bb global_colors_info=\u00a0\u00bb{}\u00a0\u00bb][\/et_pb_column][et_pb_column type=\u00a0\u00bb1_3&Prime; _builder_version=\u00a0\u00bb4.18.0&Prime; _module_preset=\u00a0\u00bbdefault\u00a0\u00bb global_colors_info=\u00a0\u00bb{}\u00a0\u00bb][et_pb_image src=\u00a0\u00bbhttps:\/\/thorembais-planetsun.be\/wp-content\/uploads\/2022\/08\/planet_sun_logoBLEU-web-1.png\u00a0\u00bb title_text=\u00a0\u00bbplanet_sun_logoBLEU-web\u00a0\u00bb _builder_version=\u00a0\u00bb4.18.0&Prime; _module_preset=\u00a0\u00bbdefault\u00a0\u00bb transform_scale=\u00a0\u00bb104%|104%\u00a0\u00bb transform_translate=\u00a0\u00bb-41px|0px\u00a0\u00bb width=\u00a0\u00bb66.4%\u00a0\u00bb custom_margin=\u00a0\u00bb|||79px||\u00a0\u00bb custom_padding=\u00a0\u00bb|0px||||\u00a0\u00bb global_colors_info=\u00a0\u00bb{}\u00a0\u00bb][\/et_pb_image][\/et_pb_column][\/et_pb_row][\/et_pb_section]<\/p>\n","protected":false},"excerpt":{"rendered":"<p>Votre salon\u00a0 d&rsquo;esth\u00e9tiqueVotre cr\u00e9ateur de bien-\u00eatre Situ\u00e9 en plein c\u0153ur de Thorembais-Saint-Trond, le centre de coiffure et Bien-\u00eatre PlanetSun est un \u00e9crin de tranquillit\u00e9 et de design enti\u00e8rement vou\u00e9 \u00e0 votre bien-\u00eatre et votre beaut\u00e9. Nous vous proposons un vaste panel de services et de soins pour sublimer votre image, prendre soin de vous et [&hellip;]<\/p>\n","protected":false},"author":2,"featured_media":0,"parent":0,"menu_order":0,"comment_status":"closed","ping_status":"closed","template":"page-template-blank.php","meta":{"_et_pb_use_builder":"on","_et_pb_old_content":"","_et_gb_content_width":""},"yoast_head":"<!-- This site is optimized with the Yoast SEO plugin v19.7.1 - https:\/\/yoast.com\/wordpress\/plugins\/seo\/ -->\n<title>Accueil - Thorembais Planetsun<\/title>\n<meta name=\"robots\" content=\"index, follow, max-snippet:-1, max-image-preview:large, max-video-preview:-1\" \/>\n<link rel=\"canonical\" href=\"https:\/\/thorembais-planetsun.be\/\" \/>\n<meta property=\"og:locale\" content=\"fr_FR\" \/>\n<meta property=\"og:type\" content=\"article\" \/>\n<meta property=\"og:title\" content=\"Accueil - Thorembais Planetsun\" \/>\n<meta property=\"og:description\" content=\"Votre salon\u00a0 d&#039;esth\u00e9tiqueVotre cr\u00e9ateur de bien-\u00eatre Situ\u00e9 en plein c\u0153ur de Thorembais-Saint-Trond, le centre de coiffure et Bien-\u00eatre PlanetSun est un \u00e9crin de tranquillit\u00e9 et de design enti\u00e8rement vou\u00e9 \u00e0 votre bien-\u00eatre et votre beaut\u00e9. Nous vous proposons un vaste panel de services et de soins pour sublimer votre image, prendre soin de vous et [&hellip;]\" \/>\n<meta property=\"og:url\" content=\"https:\/\/thorembais-planetsun.be\/\" \/>\n<meta property=\"og:site_name\" content=\"Thorembais Planetsun\" \/>\n<meta property=\"article:publisher\" content=\"https:\/\/www.facebook.com\/planetsun.thorembais\/?ref=page_internal\" \/>\n<meta property=\"article:modified_time\" content=\"2024-08-29T07:18:07+00:00\" \/>\n<meta name=\"twitter:card\" content=\"summary_large_image\" \/>\n<meta name=\"twitter:label1\" content=\"Dur\u00e9e de lecture estim\u00e9e\" \/>\n\t<meta name=\"twitter:data1\" content=\"7 minutes\" \/>\n<script type=\"application\/ld+json\" class=\"yoast-schema-graph\">{\"@context\":\"https:\/\/schema.org\",\"@graph\":[{\"@type\":\"WebPage\",\"@id\":\"https:\/\/thorembais-planetsun.be\/\",\"url\":\"https:\/\/thorembais-planetsun.be\/\",\"name\":\"Accueil - Thorembais Planetsun\",\"isPartOf\":{\"@id\":\"https:\/\/thorembais-planetsun.be\/#website\"},\"datePublished\":\"2022-08-30T10:55:31+00:00\",\"dateModified\":\"2024-08-29T07:18:07+00:00\",\"breadcrumb\":{\"@id\":\"https:\/\/thorembais-planetsun.be\/#breadcrumb\"},\"inLanguage\":\"fr-FR\",\"potentialAction\":[{\"@type\":\"ReadAction\",\"target\":[\"https:\/\/thorembais-planetsun.be\/\"]}]},{\"@type\":\"BreadcrumbList\",\"@id\":\"https:\/\/thorembais-planetsun.be\/#breadcrumb\",\"itemListElement\":[{\"@type\":\"ListItem\",\"position\":1,\"name\":\"Accueil\",\"item\":\"https:\/\/thorembais-planetsun.be\/\"},{\"@type\":\"ListItem\",\"position\":2,\"name\":\"Accueil\"}]},{\"@type\":\"WebSite\",\"@id\":\"https:\/\/thorembais-planetsun.be\/#website\",\"url\":\"https:\/\/thorembais-planetsun.be\/\",\"name\":\"Thorembais Planetsun\",\"description\":\"Votre salon de coiffure et d&#039;esth\u00e9tique\",\"publisher\":{\"@id\":\"https:\/\/thorembais-planetsun.be\/#organization\"},\"potentialAction\":[{\"@type\":\"SearchAction\",\"target\":{\"@type\":\"EntryPoint\",\"urlTemplate\":\"https:\/\/thorembais-planetsun.be\/?s={search_term_string}\"},\"query-input\":\"required name=search_term_string\"}],\"inLanguage\":\"fr-FR\"},{\"@type\":\"Organization\",\"@id\":\"https:\/\/thorembais-planetsun.be\/#organization\",\"name\":\"Thorembais Planetsun\",\"url\":\"https:\/\/thorembais-planetsun.be\/\",\"sameAs\":[\"https:\/\/www.instagram.com\/planetsun.24\/\",\"https:\/\/www.facebook.com\/planetsun.thorembais\/?ref=page_internal\"],\"logo\":{\"@type\":\"ImageObject\",\"inLanguage\":\"fr-FR\",\"@id\":\"https:\/\/thorembais-planetsun.be\/#\/schema\/logo\/image\/\",\"url\":\"https:\/\/thorembais-planetsun.be\/wp-content\/uploads\/2022\/08\/planet_sun_logoBLEU-web-1.png\",\"contentUrl\":\"https:\/\/thorembais-planetsun.be\/wp-content\/uploads\/2022\/08\/planet_sun_logoBLEU-web-1.png\",\"width\":475,\"height\":578,\"caption\":\"Thorembais Planetsun\"},\"image\":{\"@id\":\"https:\/\/thorembais-planetsun.be\/#\/schema\/logo\/image\/\"}}]}<\/script>\n<!-- \/ Yoast SEO plugin. -->","yoast_head_json":{"title":"Accueil - Thorembais Planetsun","robots":{"index":"index","follow":"follow","max-snippet":"max-snippet:-1","max-image-preview":"max-image-preview:large","max-video-preview":"max-video-preview:-1"},"canonical":"https:\/\/thorembais-planetsun.be\/","og_locale":"fr_FR","og_type":"article","og_title":"Accueil - Thorembais Planetsun","og_description":"Votre salon\u00a0 d'esth\u00e9tiqueVotre cr\u00e9ateur de bien-\u00eatre Situ\u00e9 en plein c\u0153ur de Thorembais-Saint-Trond, le centre de coiffure et Bien-\u00eatre PlanetSun est un \u00e9crin de tranquillit\u00e9 et de design enti\u00e8rement vou\u00e9 \u00e0 votre bien-\u00eatre et votre beaut\u00e9. Nous vous proposons un vaste panel de services et de soins pour sublimer votre image, prendre soin de vous et [&hellip;]","og_url":"https:\/\/thorembais-planetsun.be\/","og_site_name":"Thorembais Planetsun","article_publisher":"https:\/\/www.facebook.com\/planetsun.thorembais\/?ref=page_internal","article_modified_time":"2024-08-29T07:18:07+00:00","twitter_card":"summary_large_image","twitter_misc":{"Dur\u00e9e de lecture estim\u00e9e":"7 minutes"},"schema":{"@context":"https:\/\/schema.org","@graph":[{"@type":"WebPage","@id":"https:\/\/thorembais-planetsun.be\/","url":"https:\/\/thorembais-planetsun.be\/","name":"Accueil - Thorembais Planetsun","isPartOf":{"@id":"https:\/\/thorembais-planetsun.be\/#website"},"datePublished":"2022-08-30T10:55:31+00:00","dateModified":"2024-08-29T07:18:07+00:00","breadcrumb":{"@id":"https:\/\/thorembais-planetsun.be\/#breadcrumb"},"inLanguage":"fr-FR","potentialAction":[{"@type":"ReadAction","target":["https:\/\/thorembais-planetsun.be\/"]}]},{"@type":"BreadcrumbList","@id":"https:\/\/thorembais-planetsun.be\/#breadcrumb","itemListElement":[{"@type":"ListItem","position":1,"name":"Accueil","item":"https:\/\/thorembais-planetsun.be\/"},{"@type":"ListItem","position":2,"name":"Accueil"}]},{"@type":"WebSite","@id":"https:\/\/thorembais-planetsun.be\/#website","url":"https:\/\/thorembais-planetsun.be\/","name":"Thorembais Planetsun","description":"Votre salon de coiffure et d&#039;esth\u00e9tique","publisher":{"@id":"https:\/\/thorembais-planetsun.be\/#organization"},"potentialAction":[{"@type":"SearchAction","target":{"@type":"EntryPoint","urlTemplate":"https:\/\/thorembais-planetsun.be\/?s={search_term_string}"},"query-input":"required name=search_term_string"}],"inLanguage":"fr-FR"},{"@type":"Organization","@id":"https:\/\/thorembais-planetsun.be\/#organization","name":"Thorembais Planetsun","url":"https:\/\/thorembais-planetsun.be\/","sameAs":["https:\/\/www.instagram.com\/planetsun.24\/","https:\/\/www.facebook.com\/planetsun.thorembais\/?ref=page_internal"],"logo":{"@type":"ImageObject","inLanguage":"fr-FR","@id":"https:\/\/thorembais-planetsun.be\/#\/schema\/logo\/image\/","url":"https:\/\/thorembais-planetsun.be\/wp-content\/uploads\/2022\/08\/planet_sun_logoBLEU-web-1.png","contentUrl":"https:\/\/thorembais-planetsun.be\/wp-content\/uploads\/2022\/08\/planet_sun_logoBLEU-web-1.png","width":475,"height":578,"caption":"Thorembais Planetsun"},"image":{"@id":"https:\/\/thorembais-planetsun.be\/#\/schema\/logo\/image\/"}}]}},"_links":{"self":[{"href":"https:\/\/thorembais-planetsun.be\/index.php\/wp-json\/wp\/v2\/pages\/36"}],"collection":[{"href":"https:\/\/thorembais-planetsun.be\/index.php\/wp-json\/wp\/v2\/pages"}],"about":[{"href":"https:\/\/thorembais-planetsun.be\/index.php\/wp-json\/wp\/v2\/types\/page"}],"author":[{"embeddable":true,"href":"https:\/\/thorembais-planetsun.be\/index.php\/wp-json\/wp\/v2\/users\/2"}],"replies":[{"embeddable":true,"href":"https:\/\/thorembais-planetsun.be\/index.php\/wp-json\/wp\/v2\/comments?post=36"}],"version-history":[{"count":36,"href":"https:\/\/thorembais-planetsun.be\/index.php\/wp-json\/wp\/v2\/pages\/36\/revisions"}],"predecessor-version":[{"id":274,"href":"https:\/\/thorembais-planetsun.be\/index.php\/wp-json\/wp\/v2\/pages\/36\/revisions\/274"}],"wp:attachment":[{"href":"https:\/\/thorembais-planetsun.be\/index.php\/wp-json\/wp\/v2\/media?parent=36"}],"curies":[{"name":"wp","href":"https:\/\/api.w.org\/{rel}","templated":true}]}}